{"id":141,"date":"2022-04-13T15:44:29","date_gmt":"2022-04-13T13:44:29","guid":{"rendered":"http:\/\/local.mvstud.io\/?page_id=141"},"modified":"2024-07-24T10:31:18","modified_gmt":"2024-07-24T10:31:18","slug":"nos-produits","status":"publish","type":"page","link":"https:\/\/www.thinkerbell.be\/fr\/nos-produits\/","title":{"rendered":"Produits"},"content":{"rendered":"","protected":false},"excerpt":{"rendered":"","protected":false},"author":1,"featured_media":4888,"parent":0,"menu_order":0,"comment_status":"closed","ping_status":"closed","template":"page-templates\/product.php","meta":{"footnotes":""},"class_list":["post-141","page","type-page","status-publish","has-post-thumbnail","hentry"],"yoast_head":"<!-- This site is optimized with the Yoast SEO plugin v15.8 - https:\/\/yoast.com\/wordpress\/plugins\/seo\/ -->\n<meta name=\"description\" content=\"Thinkerbell vous propose une large gamme de mat\u00e9riel PLV allant du pr\u00e9sentoir en carton standard au meuble multi-mat\u00e9riaux sur mesure.\" \/>\n<meta name=\"robots\" content=\"index, follow, max-snippet:-1, max-image-preview:large, max-video-preview:-1\" \/>\n<link rel=\"canonical\" href=\"https:\/\/www.thinkerbell.be\/fr\/nos-produits\/\" \/>\n<meta property=\"og:locale\" content=\"fr_FR\" \/>\n<meta property=\"og:type\" content=\"article\" \/>\n<meta property=\"og:title\" content=\"Produits - Thinkerbell\" \/>\n<meta property=\"og:description\" content=\"Thinkerbell vous propose une large gamme de mat\u00e9riel PLV allant du pr\u00e9sentoir en carton standard au meuble multi-mat\u00e9riaux sur mesure.\" \/>\n<meta property=\"og:url\" content=\"https:\/\/www.thinkerbell.be\/fr\/nos-produits\/\" \/>\n<meta property=\"og:site_name\" content=\"Thinkerbell\" \/>\n<meta property=\"article:modified_time\" content=\"2024-07-24T10:31:18+00:00\" \/>\n<meta property=\"og:image\" content=\"https:\/\/www.thinkerbell.be\/wp-content\/uploads\/sites\/2\/2022\/10\/MMs-2.png\" \/>\n\t<meta property=\"og:image:width\" content=\"826\" \/>\n\t<meta property=\"og:image:height\" content=\"696\" \/>\n<meta name=\"twitter:card\" content=\"summary_large_image\" \/>\n<script type=\"application\/ld+json\" class=\"yoast-schema-graph\">{\"@context\":\"https:\/\/schema.org\",\"@graph\":[{\"@type\":\"WebSite\",\"@id\":\"https:\/\/www.thinkerbell.be\/fr\/#website\",\"url\":\"https:\/\/www.thinkerbell.be\/fr\/\",\"name\":\"Thinkerbell\",\"description\":\"Just another POP Solutions Sites\",\"potentialAction\":[{\"@type\":\"SearchAction\",\"target\":\"https:\/\/www.thinkerbell.be\/fr\/?s={search_term_string}\",\"query-input\":\"required name=search_term_string\"}],\"inLanguage\":\"fr-FR\"},{\"@type\":\"ImageObject\",\"@id\":\"https:\/\/www.thinkerbell.be\/fr\/nos-produits\/#primaryimage\",\"inLanguage\":\"fr-FR\",\"url\":\"https:\/\/www.thinkerbell.be\/wp-content\/uploads\/sites\/2\/2022\/10\/MMs-2.png\",\"width\":826,\"height\":696},{\"@type\":\"WebPage\",\"@id\":\"https:\/\/www.thinkerbell.be\/fr\/nos-produits\/#webpage\",\"url\":\"https:\/\/www.thinkerbell.be\/fr\/nos-produits\/\",\"name\":\"Produits - Thinkerbell\",\"isPartOf\":{\"@id\":\"https:\/\/www.thinkerbell.be\/fr\/#website\"},\"primaryImageOfPage\":{\"@id\":\"https:\/\/www.thinkerbell.be\/fr\/nos-produits\/#primaryimage\"},\"datePublished\":\"2022-04-13T13:44:29+00:00\",\"dateModified\":\"2024-07-24T10:31:18+00:00\",\"description\":\"Thinkerbell vous propose une large gamme de mat\\u00e9riel PLV allant du pr\\u00e9sentoir en carton standard au meuble multi-mat\\u00e9riaux sur mesure.\",\"breadcrumb\":{\"@id\":\"https:\/\/www.thinkerbell.be\/fr\/nos-produits\/#breadcrumb\"},\"inLanguage\":\"fr-FR\",\"potentialAction\":[{\"@type\":\"ReadAction\",\"target\":[\"https:\/\/www.thinkerbell.be\/fr\/nos-produits\/\"]}]},{\"@type\":\"BreadcrumbList\",\"@id\":\"https:\/\/www.thinkerbell.be\/fr\/nos-produits\/#breadcrumb\",\"itemListElement\":[{\"@type\":\"ListItem\",\"position\":1,\"item\":{\"@type\":\"WebPage\",\"@id\":\"https:\/\/www.thinkerbell.be\/fr\/\",\"url\":\"https:\/\/www.thinkerbell.be\/fr\/\",\"name\":\"Home\"}},{\"@type\":\"ListItem\",\"position\":2,\"item\":{\"@type\":\"WebPage\",\"@id\":\"https:\/\/www.thinkerbell.be\/fr\/nos-produits\/\",\"url\":\"https:\/\/www.thinkerbell.be\/fr\/nos-produits\/\",\"name\":\"Produits\"}}]}]}<\/script>\n<!-- \/ Yoast SEO plugin. -->","_links":{"self":[{"href":"https:\/\/www.thinkerbell.be\/fr\/wp-json\/wp\/v2\/pages\/141","targetHints":{"allow":["GET"]}}],"collection":[{"href":"https:\/\/www.thinkerbell.be\/fr\/wp-json\/wp\/v2\/pages"}],"about":[{"href":"https:\/\/www.thinkerbell.be\/fr\/wp-json\/wp\/v2\/types\/page"}],"author":[{"embeddable":true,"href":"https:\/\/www.thinkerbell.be\/fr\/wp-json\/wp\/v2\/users\/1"}],"replies":[{"embeddable":true,"href":"https:\/\/www.thinkerbell.be\/fr\/wp-json\/wp\/v2\/comments?post=141"}],"version-history":[{"count":16,"href":"https:\/\/www.thinkerbell.be\/fr\/wp-json\/wp\/v2\/pages\/141\/revisions"}],"predecessor-version":[{"id":7334,"href":"https:\/\/www.thinkerbell.be\/fr\/wp-json\/wp\/v2\/pages\/141\/revisions\/7334"}],"wp:featuredmedia":[{"embeddable":true,"href":"https:\/\/www.thinkerbell.be\/fr\/wp-json\/wp\/v2\/media\/4888"}],"wp:attachment":[{"href":"https:\/\/www.thinkerbell.be\/fr\/wp-json\/wp\/v2\/media?parent=141"}],"curies":[{"name":"wp","href":"https:\/\/api.w.org\/{rel}","templated":true}]}}