{"id":16,"date":"2022-04-08T15:37:42","date_gmt":"2022-04-08T13:37:42","guid":{"rendered":"http:\/\/local.mvstud.io\/?page_id=16"},"modified":"2024-07-24T10:33:30","modified_gmt":"2024-07-24T10:33:30","slug":"durabilite","status":"publish","type":"page","link":"https:\/\/www.thinkerbell.be\/fr\/durabilite\/","title":{"rendered":"Durabilit\u00e9"},"content":{"rendered":"","protected":false},"excerpt":{"rendered":"","protected":false},"author":1,"featured_media":1506,"parent":0,"menu_order":0,"comment_status":"closed","ping_status":"closed","template":"page-templates\/sustainability.php","meta":{"footnotes":""},"class_list":["post-16","page","type-page","status-publish","has-post-thumbnail","hentry"],"yoast_head":"<!-- This site is optimized with the Yoast SEO plugin v15.8 - https:\/\/yoast.com\/wordpress\/plugins\/seo\/ -->\n<meta name=\"description\" content=\"\u0152uvrer pour une PLV plus respectueuse de l&#039;environnement est au c\u0153ur de nos pr\u00e9occupations. Thinkerbell a mis en place un programme RSE ...\" \/>\n<meta name=\"robots\" content=\"index, follow, max-snippet:-1, max-image-preview:large, max-video-preview:-1\" \/>\n<link rel=\"canonical\" href=\"https:\/\/www.thinkerbell.be\/fr\/durabilite\/\" \/>\n<meta property=\"og:locale\" content=\"fr_FR\" \/>\n<meta property=\"og:type\" content=\"article\" \/>\n<meta property=\"og:title\" content=\"Durabilit\u00e9 - Thinkerbell\" \/>\n<meta property=\"og:description\" content=\"\u0152uvrer pour une PLV plus respectueuse de l&#039;environnement est au c\u0153ur de nos pr\u00e9occupations. Thinkerbell a mis en place un programme RSE ...\" \/>\n<meta property=\"og:url\" content=\"https:\/\/www.thinkerbell.be\/fr\/durabilite\/\" \/>\n<meta property=\"og:site_name\" content=\"Thinkerbell\" \/>\n<meta property=\"article:modified_time\" content=\"2024-07-24T10:33:30+00:00\" \/>\n<meta property=\"og:image\" content=\"https:\/\/www.thinkerbell.be\/wp-content\/uploads\/sites\/2\/2022\/06\/Logo-recycle-copie48.png\" \/>\n\t<meta property=\"og:image:width\" content=\"1200\" \/>\n\t<meta property=\"og:image:height\" content=\"856\" \/>\n<meta name=\"twitter:card\" content=\"summary_large_image\" \/>\n<script type=\"application\/ld+json\" class=\"yoast-schema-graph\">{\"@context\":\"https:\/\/schema.org\",\"@graph\":[{\"@type\":\"WebSite\",\"@id\":\"https:\/\/www.thinkerbell.be\/fr\/#website\",\"url\":\"https:\/\/www.thinkerbell.be\/fr\/\",\"name\":\"Thinkerbell\",\"description\":\"Just another POP Solutions Sites\",\"potentialAction\":[{\"@type\":\"SearchAction\",\"target\":\"https:\/\/www.thinkerbell.be\/fr\/?s={search_term_string}\",\"query-input\":\"required name=search_term_string\"}],\"inLanguage\":\"fr-FR\"},{\"@type\":\"ImageObject\",\"@id\":\"https:\/\/www.thinkerbell.be\/fr\/durabilite\/#primaryimage\",\"inLanguage\":\"fr-FR\",\"url\":\"https:\/\/www.thinkerbell.be\/wp-content\/uploads\/sites\/2\/2022\/06\/Logo-recycle-copie48.png\",\"width\":1200,\"height\":856},{\"@type\":\"WebPage\",\"@id\":\"https:\/\/www.thinkerbell.be\/fr\/durabilite\/#webpage\",\"url\":\"https:\/\/www.thinkerbell.be\/fr\/durabilite\/\",\"name\":\"Durabilit\\u00e9 - Thinkerbell\",\"isPartOf\":{\"@id\":\"https:\/\/www.thinkerbell.be\/fr\/#website\"},\"primaryImageOfPage\":{\"@id\":\"https:\/\/www.thinkerbell.be\/fr\/durabilite\/#primaryimage\"},\"datePublished\":\"2022-04-08T13:37:42+00:00\",\"dateModified\":\"2024-07-24T10:33:30+00:00\",\"description\":\"\\u0152uvrer pour une PLV plus respectueuse de l'environnement est au c\\u0153ur de nos pr\\u00e9occupations. Thinkerbell a mis en place un programme RSE ...\",\"breadcrumb\":{\"@id\":\"https:\/\/www.thinkerbell.be\/fr\/durabilite\/#breadcrumb\"},\"inLanguage\":\"fr-FR\",\"potentialAction\":[{\"@type\":\"ReadAction\",\"target\":[\"https:\/\/www.thinkerbell.be\/fr\/durabilite\/\"]}]},{\"@type\":\"BreadcrumbList\",\"@id\":\"https:\/\/www.thinkerbell.be\/fr\/durabilite\/#breadcrumb\",\"itemListElement\":[{\"@type\":\"ListItem\",\"position\":1,\"item\":{\"@type\":\"WebPage\",\"@id\":\"https:\/\/www.thinkerbell.be\/fr\/\",\"url\":\"https:\/\/www.thinkerbell.be\/fr\/\",\"name\":\"Home\"}},{\"@type\":\"ListItem\",\"position\":2,\"item\":{\"@type\":\"WebPage\",\"@id\":\"https:\/\/www.thinkerbell.be\/fr\/durabilite\/\",\"url\":\"https:\/\/www.thinkerbell.be\/fr\/durabilite\/\",\"name\":\"Durabilit\\u00e9\"}}]}]}<\/script>\n<!-- \/ Yoast SEO plugin. -->","_links":{"self":[{"href":"https:\/\/www.thinkerbell.be\/fr\/wp-json\/wp\/v2\/pages\/16","targetHints":{"allow":["GET"]}}],"collection":[{"href":"https:\/\/www.thinkerbell.be\/fr\/wp-json\/wp\/v2\/pages"}],"about":[{"href":"https:\/\/www.thinkerbell.be\/fr\/wp-json\/wp\/v2\/types\/page"}],"author":[{"embeddable":true,"href":"https:\/\/www.thinkerbell.be\/fr\/wp-json\/wp\/v2\/users\/1"}],"replies":[{"embeddable":true,"href":"https:\/\/www.thinkerbell.be\/fr\/wp-json\/wp\/v2\/comments?post=16"}],"version-history":[{"count":79,"href":"https:\/\/www.thinkerbell.be\/fr\/wp-json\/wp\/v2\/pages\/16\/revisions"}],"predecessor-version":[{"id":7339,"href":"https:\/\/www.thinkerbell.be\/fr\/wp-json\/wp\/v2\/pages\/16\/revisions\/7339"}],"wp:featuredmedia":[{"embeddable":true,"href":"https:\/\/www.thinkerbell.be\/fr\/wp-json\/wp\/v2\/media\/1506"}],"wp:attachment":[{"href":"https:\/\/www.thinkerbell.be\/fr\/wp-json\/wp\/v2\/media?parent=16"}],"curies":[{"name":"wp","href":"https:\/\/api.w.org\/{rel}","templated":true}]}}