{"id":49,"date":"2022-04-11T12:49:46","date_gmt":"2022-04-11T10:49:46","guid":{"rendered":"http:\/\/local.mvstud.io\/?page_id=49"},"modified":"2022-11-07T15:59:04","modified_gmt":"2022-11-07T15:59:04","slug":"privacy","status":"publish","type":"page","link":"https:\/\/www.thinkerbell.be\/fr\/privacy\/","title":{"rendered":"Privacy"},"content":{"rendered":"","protected":false},"excerpt":{"rendered":"","protected":false},"author":1,"featured_media":0,"parent":0,"menu_order":0,"comment_status":"closed","ping_status":"closed","template":"page-templates\/privacy.php","meta":{"footnotes":""},"class_list":["post-49","page","type-page","status-publish","hentry"],"yoast_head":"<!-- This site is optimized with the Yoast SEO plugin v26.8 - https:\/\/yoast.com\/product\/yoast-seo-wordpress\/ -->\n<title>Privacy - Thinkerbell<\/title>\n<meta name=\"description\" content=\"Thinkerbell accorde de l\u2019importance \u00e0 la vie priv\u00e9e de ceux qui lui transmettent des donn\u00e9es personnelles.\u00a0 La pr\u00e9sente Politique de la vie priv\u00e9e d\u00e9crit comment et pourquoi nous collectons, stockons et utilisons les donn\u00e9es personnelles.\" \/>\n<meta name=\"robots\" content=\"index, follow, max-snippet:-1, max-image-preview:large, max-video-preview:-1\" \/>\n<link rel=\"canonical\" href=\"https:\/\/www.thinkerbell.be\/fr\/privacy\/\" \/>\n<meta property=\"og:locale\" content=\"fr_FR\" \/>\n<meta property=\"og:type\" content=\"article\" \/>\n<meta property=\"og:title\" content=\"Privacy - Thinkerbell\" \/>\n<meta property=\"og:description\" content=\"Thinkerbell accorde de l\u2019importance \u00e0 la vie priv\u00e9e de ceux qui lui transmettent des donn\u00e9es personnelles.\u00a0 La pr\u00e9sente Politique de la vie priv\u00e9e d\u00e9crit comment et pourquoi nous collectons, stockons et utilisons les donn\u00e9es personnelles.\" \/>\n<meta property=\"og:url\" content=\"https:\/\/www.thinkerbell.be\/fr\/privacy\/\" \/>\n<meta property=\"og:site_name\" content=\"Thinkerbell\" \/>\n<meta property=\"article:modified_time\" content=\"2022-11-07T15:59:04+00:00\" \/>\n<meta name=\"twitter:card\" content=\"summary_large_image\" \/>\n<script type=\"application\/ld+json\" class=\"yoast-schema-graph\">{\"@context\":\"https:\/\/schema.org\",\"@graph\":[{\"@type\":\"WebPage\",\"@id\":\"https:\/\/www.thinkerbell.be\/fr\/privacy\/\",\"url\":\"https:\/\/www.thinkerbell.be\/fr\/privacy\/\",\"name\":\"Privacy - Thinkerbell\",\"isPartOf\":{\"@id\":\"https:\/\/www.thinkerbell.be\/fr\/#website\"},\"datePublished\":\"2022-04-11T10:49:46+00:00\",\"dateModified\":\"2022-11-07T15:59:04+00:00\",\"description\":\"Thinkerbell accorde de l\u2019importance \u00e0 la vie priv\u00e9e de ceux qui lui transmettent des donn\u00e9es personnelles.\u00a0 La pr\u00e9sente Politique de la vie priv\u00e9e d\u00e9crit comment et pourquoi nous collectons, stockons et utilisons les donn\u00e9es personnelles.\",\"breadcrumb\":{\"@id\":\"https:\/\/www.thinkerbell.be\/fr\/privacy\/#breadcrumb\"},\"inLanguage\":\"fr-FR\",\"potentialAction\":[{\"@type\":\"ReadAction\",\"target\":[\"https:\/\/www.thinkerbell.be\/fr\/privacy\/\"]}]},{\"@type\":\"BreadcrumbList\",\"@id\":\"https:\/\/www.thinkerbell.be\/fr\/privacy\/#breadcrumb\",\"itemListElement\":[{\"@type\":\"ListItem\",\"position\":1,\"name\":\"Home\",\"item\":\"https:\/\/www.thinkerbell.be\/fr\/\"},{\"@type\":\"ListItem\",\"position\":2,\"name\":\"Privacy\"}]},{\"@type\":\"WebSite\",\"@id\":\"https:\/\/www.thinkerbell.be\/fr\/#website\",\"url\":\"https:\/\/www.thinkerbell.be\/fr\/\",\"name\":\"Thinkerbell\",\"description\":\"Just another POP Solutions Sites\",\"potentialAction\":[{\"@type\":\"SearchAction\",\"target\":{\"@type\":\"EntryPoint\",\"urlTemplate\":\"https:\/\/www.thinkerbell.be\/fr\/?s={search_term_string}\"},\"query-input\":{\"@type\":\"PropertyValueSpecification\",\"valueRequired\":true,\"valueName\":\"search_term_string\"}}],\"inLanguage\":\"fr-FR\"}]}<\/script>\n<!-- \/ Yoast SEO plugin. -->","yoast_head_json":{"title":"Privacy - Thinkerbell","description":"Thinkerbell accorde de l\u2019importance \u00e0 la vie priv\u00e9e de ceux qui lui transmettent des donn\u00e9es personnelles.\u00a0 La pr\u00e9sente Politique de la vie priv\u00e9e d\u00e9crit comment et pourquoi nous collectons, stockons et utilisons les donn\u00e9es personnelles.","robots":{"index":"index","follow":"follow","max-snippet":"max-snippet:-1","max-image-preview":"max-image-preview:large","max-video-preview":"max-video-preview:-1"},"canonical":"https:\/\/www.thinkerbell.be\/fr\/privacy\/","og_locale":"fr_FR","og_type":"article","og_title":"Privacy - Thinkerbell","og_description":"Thinkerbell accorde de l\u2019importance \u00e0 la vie priv\u00e9e de ceux qui lui transmettent des donn\u00e9es personnelles.\u00a0 La pr\u00e9sente Politique de la vie priv\u00e9e d\u00e9crit comment et pourquoi nous collectons, stockons et utilisons les donn\u00e9es personnelles.","og_url":"https:\/\/www.thinkerbell.be\/fr\/privacy\/","og_site_name":"Thinkerbell","article_modified_time":"2022-11-07T15:59:04+00:00","twitter_card":"summary_large_image","schema":{"@context":"https:\/\/schema.org","@graph":[{"@type":"WebPage","@id":"https:\/\/www.thinkerbell.be\/fr\/privacy\/","url":"https:\/\/www.thinkerbell.be\/fr\/privacy\/","name":"Privacy - Thinkerbell","isPartOf":{"@id":"https:\/\/www.thinkerbell.be\/fr\/#website"},"datePublished":"2022-04-11T10:49:46+00:00","dateModified":"2022-11-07T15:59:04+00:00","description":"Thinkerbell accorde de l\u2019importance \u00e0 la vie priv\u00e9e de ceux qui lui transmettent des donn\u00e9es personnelles.\u00a0 La pr\u00e9sente Politique de la vie priv\u00e9e d\u00e9crit comment et pourquoi nous collectons, stockons et utilisons les donn\u00e9es personnelles.","breadcrumb":{"@id":"https:\/\/www.thinkerbell.be\/fr\/privacy\/#breadcrumb"},"inLanguage":"fr-FR","potentialAction":[{"@type":"ReadAction","target":["https:\/\/www.thinkerbell.be\/fr\/privacy\/"]}]},{"@type":"BreadcrumbList","@id":"https:\/\/www.thinkerbell.be\/fr\/privacy\/#breadcrumb","itemListElement":[{"@type":"ListItem","position":1,"name":"Home","item":"https:\/\/www.thinkerbell.be\/fr\/"},{"@type":"ListItem","position":2,"name":"Privacy"}]},{"@type":"WebSite","@id":"https:\/\/www.thinkerbell.be\/fr\/#website","url":"https:\/\/www.thinkerbell.be\/fr\/","name":"Thinkerbell","description":"Just another POP Solutions Sites","potentialAction":[{"@type":"SearchAction","target":{"@type":"EntryPoint","urlTemplate":"https:\/\/www.thinkerbell.be\/fr\/?s={search_term_string}"},"query-input":{"@type":"PropertyValueSpecification","valueRequired":true,"valueName":"search_term_string"}}],"inLanguage":"fr-FR"}]}},"_links":{"self":[{"href":"https:\/\/www.thinkerbell.be\/fr\/wp-json\/wp\/v2\/pages\/49","targetHints":{"allow":["GET"]}}],"collection":[{"href":"https:\/\/www.thinkerbell.be\/fr\/wp-json\/wp\/v2\/pages"}],"about":[{"href":"https:\/\/www.thinkerbell.be\/fr\/wp-json\/wp\/v2\/types\/page"}],"author":[{"embeddable":true,"href":"https:\/\/www.thinkerbell.be\/fr\/wp-json\/wp\/v2\/users\/1"}],"replies":[{"embeddable":true,"href":"https:\/\/www.thinkerbell.be\/fr\/wp-json\/wp\/v2\/comments?post=49"}],"version-history":[{"count":7,"href":"https:\/\/www.thinkerbell.be\/fr\/wp-json\/wp\/v2\/pages\/49\/revisions"}],"predecessor-version":[{"id":6159,"href":"https:\/\/www.thinkerbell.be\/fr\/wp-json\/wp\/v2\/pages\/49\/revisions\/6159"}],"wp:attachment":[{"href":"https:\/\/www.thinkerbell.be\/fr\/wp-json\/wp\/v2\/media?parent=49"}],"curies":[{"name":"wp","href":"https:\/\/api.w.org\/{rel}","templated":true}]}}