{"id":6,"date":"2022-04-08T14:42:51","date_gmt":"2022-04-08T12:42:51","guid":{"rendered":"http:\/\/local.mvstud.io\/?page_id=6"},"modified":"2023-08-02T10:43:55","modified_gmt":"2023-08-02T10:43:55","slug":"pop-solutions-plv-multi-materiaux-eco-responsables","status":"publish","type":"page","link":"https:\/\/www.thinkerbell.be\/fr\/","title":{"rendered":"Accueil"},"content":{"rendered":"","protected":false},"excerpt":{"rendered":"","protected":false},"author":1,"featured_media":4028,"parent":0,"menu_order":0,"comment_status":"closed","ping_status":"closed","template":"page-templates\/home.php","meta":{"footnotes":""},"class_list":["post-6","page","type-page","status-publish","has-post-thumbnail","hentry"],"yoast_head":"<!-- This site is optimized with the Yoast SEO plugin v26.8 - https:\/\/yoast.com\/product\/yoast-seo-wordpress\/ -->\n<title>Thinkerbell - We Think, Design, Produce For You<\/title>\n<meta name=\"description\" content=\"Thinkerbell, votre partenaire de mat\u00e9riel PLV multi-mat\u00e9riaux et \u00e9co-responsables qui valorisent vos marques et augmentent vos ventes.\" \/>\n<meta name=\"robots\" content=\"index, follow, max-snippet:-1, max-image-preview:large, max-video-preview:-1\" \/>\n<link rel=\"canonical\" href=\"https:\/\/www.thinkerbell.be\/fr\/\" \/>\n<meta property=\"og:locale\" content=\"fr_FR\" \/>\n<meta property=\"og:type\" content=\"article\" \/>\n<meta property=\"og:title\" content=\"Thinkerbell - We Think, Design, Produce For You\" \/>\n<meta property=\"og:description\" content=\"Thinkerbell, votre partenaire de mat\u00e9riel PLV multi-mat\u00e9riaux et \u00e9co-responsables qui valorisent vos marques et augmentent vos ventes.\" \/>\n<meta property=\"og:url\" content=\"https:\/\/www.thinkerbell.be\/fr\/\" \/>\n<meta property=\"og:site_name\" content=\"Thinkerbell\" \/>\n<meta property=\"article:modified_time\" content=\"2023-08-02T10:43:55+00:00\" \/>\n<meta property=\"og:image\" content=\"https:\/\/www.thinkerbell.be\/wp-content\/uploads\/sites\/2\/2022\/07\/Ave\u0300ne_Permanent.gif\" \/>\n\t<meta property=\"og:image:width\" content=\"1086\" \/>\n\t<meta property=\"og:image:height\" content=\"1127\" \/>\n\t<meta property=\"og:image:type\" content=\"image\/gif\" \/>\n<meta name=\"twitter:card\" content=\"summary_large_image\" \/>\n<script type=\"application\/ld+json\" class=\"yoast-schema-graph\">{\"@context\":\"https:\/\/schema.org\",\"@graph\":[{\"@type\":\"WebPage\",\"@id\":\"https:\/\/www.thinkerbell.be\/fr\/\",\"url\":\"https:\/\/www.thinkerbell.be\/fr\/\",\"name\":\"Thinkerbell - We Think, Design, Produce For You\",\"isPartOf\":{\"@id\":\"https:\/\/www.thinkerbell.be\/fr\/#website\"},\"primaryImageOfPage\":{\"@id\":\"https:\/\/www.thinkerbell.be\/fr\/#primaryimage\"},\"image\":{\"@id\":\"https:\/\/www.thinkerbell.be\/fr\/#primaryimage\"},\"thumbnailUrl\":\"https:\/\/www.thinkerbell.be\/wp-content\/uploads\/sites\/2\/2022\/07\/Ave\u0300ne_Permanent.gif\",\"datePublished\":\"2022-04-08T12:42:51+00:00\",\"dateModified\":\"2023-08-02T10:43:55+00:00\",\"description\":\"Thinkerbell, votre partenaire de mat\u00e9riel PLV multi-mat\u00e9riaux et \u00e9co-responsables qui valorisent vos marques et augmentent vos ventes.\",\"breadcrumb\":{\"@id\":\"https:\/\/www.thinkerbell.be\/fr\/#breadcrumb\"},\"inLanguage\":\"fr-FR\",\"potentialAction\":[{\"@type\":\"ReadAction\",\"target\":[\"https:\/\/www.thinkerbell.be\/fr\/\"]}]},{\"@type\":\"ImageObject\",\"inLanguage\":\"fr-FR\",\"@id\":\"https:\/\/www.thinkerbell.be\/fr\/#primaryimage\",\"url\":\"https:\/\/www.thinkerbell.be\/wp-content\/uploads\/sites\/2\/2022\/07\/Ave\u0300ne_Permanent.gif\",\"contentUrl\":\"https:\/\/www.thinkerbell.be\/wp-content\/uploads\/sites\/2\/2022\/07\/Ave\u0300ne_Permanent.gif\",\"width\":1086,\"height\":1127},{\"@type\":\"BreadcrumbList\",\"@id\":\"https:\/\/www.thinkerbell.be\/fr\/#breadcrumb\",\"itemListElement\":[{\"@type\":\"ListItem\",\"position\":1,\"name\":\"Home\",\"item\":\"https:\/\/www.thinkerbell.be\/fr\/\"},{\"@type\":\"ListItem\",\"position\":2,\"name\":\"Accueil\"}]},{\"@type\":\"WebSite\",\"@id\":\"https:\/\/www.thinkerbell.be\/fr\/#website\",\"url\":\"https:\/\/www.thinkerbell.be\/fr\/\",\"name\":\"Thinkerbell\",\"description\":\"Just another POP Solutions Sites\",\"potentialAction\":[{\"@type\":\"SearchAction\",\"target\":{\"@type\":\"EntryPoint\",\"urlTemplate\":\"https:\/\/www.thinkerbell.be\/fr\/?s={search_term_string}\"},\"query-input\":{\"@type\":\"PropertyValueSpecification\",\"valueRequired\":true,\"valueName\":\"search_term_string\"}}],\"inLanguage\":\"fr-FR\"}]}<\/script>\n<!-- \/ Yoast SEO plugin. -->","yoast_head_json":{"title":"Thinkerbell - We Think, Design, Produce For You","description":"Thinkerbell, votre partenaire de mat\u00e9riel PLV multi-mat\u00e9riaux et \u00e9co-responsables qui valorisent vos marques et augmentent vos ventes.","robots":{"index":"index","follow":"follow","max-snippet":"max-snippet:-1","max-image-preview":"max-image-preview:large","max-video-preview":"max-video-preview:-1"},"canonical":"https:\/\/www.thinkerbell.be\/fr\/","og_locale":"fr_FR","og_type":"article","og_title":"Thinkerbell - We Think, Design, Produce For You","og_description":"Thinkerbell, votre partenaire de mat\u00e9riel PLV multi-mat\u00e9riaux et \u00e9co-responsables qui valorisent vos marques et augmentent vos ventes.","og_url":"https:\/\/www.thinkerbell.be\/fr\/","og_site_name":"Thinkerbell","article_modified_time":"2023-08-02T10:43:55+00:00","og_image":[{"width":1086,"height":1127,"url":"https:\/\/www.thinkerbell.be\/wp-content\/uploads\/sites\/2\/2022\/07\/Ave\u0300ne_Permanent.gif","type":"image\/gif"}],"twitter_card":"summary_large_image","schema":{"@context":"https:\/\/schema.org","@graph":[{"@type":"WebPage","@id":"https:\/\/www.thinkerbell.be\/fr\/","url":"https:\/\/www.thinkerbell.be\/fr\/","name":"Thinkerbell - We Think, Design, Produce For You","isPartOf":{"@id":"https:\/\/www.thinkerbell.be\/fr\/#website"},"primaryImageOfPage":{"@id":"https:\/\/www.thinkerbell.be\/fr\/#primaryimage"},"image":{"@id":"https:\/\/www.thinkerbell.be\/fr\/#primaryimage"},"thumbnailUrl":"https:\/\/www.thinkerbell.be\/wp-content\/uploads\/sites\/2\/2022\/07\/Ave\u0300ne_Permanent.gif","datePublished":"2022-04-08T12:42:51+00:00","dateModified":"2023-08-02T10:43:55+00:00","description":"Thinkerbell, votre partenaire de mat\u00e9riel PLV multi-mat\u00e9riaux et \u00e9co-responsables qui valorisent vos marques et augmentent vos ventes.","breadcrumb":{"@id":"https:\/\/www.thinkerbell.be\/fr\/#breadcrumb"},"inLanguage":"fr-FR","potentialAction":[{"@type":"ReadAction","target":["https:\/\/www.thinkerbell.be\/fr\/"]}]},{"@type":"ImageObject","inLanguage":"fr-FR","@id":"https:\/\/www.thinkerbell.be\/fr\/#primaryimage","url":"https:\/\/www.thinkerbell.be\/wp-content\/uploads\/sites\/2\/2022\/07\/Ave\u0300ne_Permanent.gif","contentUrl":"https:\/\/www.thinkerbell.be\/wp-content\/uploads\/sites\/2\/2022\/07\/Ave\u0300ne_Permanent.gif","width":1086,"height":1127},{"@type":"BreadcrumbList","@id":"https:\/\/www.thinkerbell.be\/fr\/#breadcrumb","itemListElement":[{"@type":"ListItem","position":1,"name":"Home","item":"https:\/\/www.thinkerbell.be\/fr\/"},{"@type":"ListItem","position":2,"name":"Accueil"}]},{"@type":"WebSite","@id":"https:\/\/www.thinkerbell.be\/fr\/#website","url":"https:\/\/www.thinkerbell.be\/fr\/","name":"Thinkerbell","description":"Just another POP Solutions Sites","potentialAction":[{"@type":"SearchAction","target":{"@type":"EntryPoint","urlTemplate":"https:\/\/www.thinkerbell.be\/fr\/?s={search_term_string}"},"query-input":{"@type":"PropertyValueSpecification","valueRequired":true,"valueName":"search_term_string"}}],"inLanguage":"fr-FR"}]}},"_links":{"self":[{"href":"https:\/\/www.thinkerbell.be\/fr\/wp-json\/wp\/v2\/pages\/6","targetHints":{"allow":["GET"]}}],"collection":[{"href":"https:\/\/www.thinkerbell.be\/fr\/wp-json\/wp\/v2\/pages"}],"about":[{"href":"https:\/\/www.thinkerbell.be\/fr\/wp-json\/wp\/v2\/types\/page"}],"author":[{"embeddable":true,"href":"https:\/\/www.thinkerbell.be\/fr\/wp-json\/wp\/v2\/users\/1"}],"replies":[{"embeddable":true,"href":"https:\/\/www.thinkerbell.be\/fr\/wp-json\/wp\/v2\/comments?post=6"}],"version-history":[{"count":85,"href":"https:\/\/www.thinkerbell.be\/fr\/wp-json\/wp\/v2\/pages\/6\/revisions"}],"predecessor-version":[{"id":7142,"href":"https:\/\/www.thinkerbell.be\/fr\/wp-json\/wp\/v2\/pages\/6\/revisions\/7142"}],"wp:featuredmedia":[{"embeddable":true,"href":"https:\/\/www.thinkerbell.be\/fr\/wp-json\/wp\/v2\/media\/4028"}],"wp:attachment":[{"href":"https:\/\/www.thinkerbell.be\/fr\/wp-json\/wp\/v2\/media?parent=6"}],"curies":[{"name":"wp","href":"https:\/\/api.w.org\/{rel}","templated":true}]}}