{"id":62,"date":"2022-04-11T16:43:04","date_gmt":"2022-04-11T14:43:04","guid":{"rendered":"http:\/\/local.mvstud.io\/?page_id=62"},"modified":"2024-07-24T10:35:47","modified_gmt":"2024-07-24T10:35:47","slug":"your-pos-partner","status":"publish","type":"page","link":"https:\/\/www.thinkerbell.be\/fr\/your-pos-partner\/","title":{"rendered":"POS partner"},"content":{"rendered":"","protected":false},"excerpt":{"rendered":"","protected":false},"author":1,"featured_media":0,"parent":0,"menu_order":0,"comment_status":"closed","ping_status":"closed","template":"page-templates\/one-stop-shop.php","meta":{"footnotes":""},"class_list":["post-62","page","type-page","status-publish","hentry"],"yoast_head":"<!-- This site is optimized with the Yoast SEO plugin v15.8 - https:\/\/yoast.com\/wordpress\/plugins\/seo\/ -->\n<meta name=\"description\" content=\"Notre force, c\u2019est le all under one roof, c\u2019est-\u00e0-dire le regroupement de tous nos d\u00e9partements sous un m\u00eame toit.\" \/>\n<meta name=\"robots\" content=\"index, follow, max-snippet:-1, max-image-preview:large, max-video-preview:-1\" \/>\n<link rel=\"canonical\" href=\"https:\/\/www.thinkerbell.be\/fr\/your-pos-partner\/\" \/>\n<meta property=\"og:locale\" content=\"fr_FR\" \/>\n<meta property=\"og:type\" content=\"article\" \/>\n<meta property=\"og:title\" content=\"Thinkerbell - Your POS partner\" \/>\n<meta property=\"og:description\" content=\"Notre force, c\u2019est le all under one roof, c\u2019est-\u00e0-dire le regroupement de tous nos d\u00e9partements sous un m\u00eame toit.\" \/>\n<meta property=\"og:url\" content=\"https:\/\/www.thinkerbell.be\/fr\/your-pos-partner\/\" \/>\n<meta property=\"og:site_name\" content=\"Thinkerbell\" \/>\n<meta property=\"article:modified_time\" content=\"2024-07-24T10:35:47+00:00\" \/>\n<meta name=\"twitter:card\" content=\"summary_large_image\" \/>\n<script type=\"application\/ld+json\" class=\"yoast-schema-graph\">{\"@context\":\"https:\/\/schema.org\",\"@graph\":[{\"@type\":\"WebSite\",\"@id\":\"https:\/\/www.thinkerbell.be\/fr\/#website\",\"url\":\"https:\/\/www.thinkerbell.be\/fr\/\",\"name\":\"Thinkerbell\",\"description\":\"Just another POP Solutions Sites\",\"potentialAction\":[{\"@type\":\"SearchAction\",\"target\":\"https:\/\/www.thinkerbell.be\/fr\/?s={search_term_string}\",\"query-input\":\"required name=search_term_string\"}],\"inLanguage\":\"fr-FR\"},{\"@type\":\"WebPage\",\"@id\":\"https:\/\/www.thinkerbell.be\/fr\/your-pos-partner\/#webpage\",\"url\":\"https:\/\/www.thinkerbell.be\/fr\/your-pos-partner\/\",\"name\":\"Thinkerbell - Your POS partner\",\"isPartOf\":{\"@id\":\"https:\/\/www.thinkerbell.be\/fr\/#website\"},\"datePublished\":\"2022-04-11T14:43:04+00:00\",\"dateModified\":\"2024-07-24T10:35:47+00:00\",\"description\":\"Notre force, c\\u2019est le all under one roof, c\\u2019est-\\u00e0-dire le regroupement de tous nos d\\u00e9partements sous un m\\u00eame toit.\",\"breadcrumb\":{\"@id\":\"https:\/\/www.thinkerbell.be\/fr\/your-pos-partner\/#breadcrumb\"},\"inLanguage\":\"fr-FR\",\"potentialAction\":[{\"@type\":\"ReadAction\",\"target\":[\"https:\/\/www.thinkerbell.be\/fr\/your-pos-partner\/\"]}]},{\"@type\":\"BreadcrumbList\",\"@id\":\"https:\/\/www.thinkerbell.be\/fr\/your-pos-partner\/#breadcrumb\",\"itemListElement\":[{\"@type\":\"ListItem\",\"position\":1,\"item\":{\"@type\":\"WebPage\",\"@id\":\"https:\/\/www.thinkerbell.be\/fr\/\",\"url\":\"https:\/\/www.thinkerbell.be\/fr\/\",\"name\":\"Home\"}},{\"@type\":\"ListItem\",\"position\":2,\"item\":{\"@type\":\"WebPage\",\"@id\":\"https:\/\/www.thinkerbell.be\/fr\/your-pos-partner\/\",\"url\":\"https:\/\/www.thinkerbell.be\/fr\/your-pos-partner\/\",\"name\":\"POS partner\"}}]}]}<\/script>\n<!-- \/ Yoast SEO plugin. -->","_links":{"self":[{"href":"https:\/\/www.thinkerbell.be\/fr\/wp-json\/wp\/v2\/pages\/62","targetHints":{"allow":["GET"]}}],"collection":[{"href":"https:\/\/www.thinkerbell.be\/fr\/wp-json\/wp\/v2\/pages"}],"about":[{"href":"https:\/\/www.thinkerbell.be\/fr\/wp-json\/wp\/v2\/types\/page"}],"author":[{"embeddable":true,"href":"https:\/\/www.thinkerbell.be\/fr\/wp-json\/wp\/v2\/users\/1"}],"replies":[{"embeddable":true,"href":"https:\/\/www.thinkerbell.be\/fr\/wp-json\/wp\/v2\/comments?post=62"}],"version-history":[{"count":91,"href":"https:\/\/www.thinkerbell.be\/fr\/wp-json\/wp\/v2\/pages\/62\/revisions"}],"predecessor-version":[{"id":7343,"href":"https:\/\/www.thinkerbell.be\/fr\/wp-json\/wp\/v2\/pages\/62\/revisions\/7343"}],"wp:attachment":[{"href":"https:\/\/www.thinkerbell.be\/fr\/wp-json\/wp\/v2\/media?parent=62"}],"curies":[{"name":"wp","href":"https:\/\/api.w.org\/{rel}","templated":true}]}}